{"id":18,"date":"2024-11-27T16:55:43","date_gmt":"2024-11-27T19:55:43","guid":{"rendered":"http:\/\/allthebasics-com-br.umbler.net\/?page_id=18"},"modified":"2025-01-22T13:58:50","modified_gmt":"2025-01-22T16:58:50","slug":"cursos","status":"publish","type":"page","link":"https:\/\/allthebasics.com.br\/?page_id=18","title":{"rendered":"Cursos"},"content":{"rendered":"\n<h1 class=\"wp-block-heading has-text-align-center\">Nossos Cursos<\/h1>\n\n\n\n<h2 class=\"wp-block-heading has-text-align-center\">Seu futuro no ingl\u00eas come\u00e7a aqui. Escolha um curso e explore!<\/h2>\n\n\n\n<div class=\"wp-block-uagb-container uagb-block-2ff20b1d alignfull uagb-is-root-container\"><div class=\"uagb-container-inner-blocks-wrap\">\n<div class=\"wp-block-uagb-container uagb-block-6aba31e4\">\n<div class=\"wp-block-uagb-image uagb-block-3f601d3c wp-block-uagb-image--layout-default wp-block-uagb-image--effect-static wp-block-uagb-image--align-none\"><figure class=\"wp-block-uagb-image__figure\"><a class=\"\" href=\"https:\/\/allthebasics.com.br\/?page_id=318\" target=\"\" rel=\"noopener\"><img decoding=\"async\" srcset=\"https:\/\/allthebasics.com.br\/wp-content\/uploads\/2024\/12\/1.webp ,https:\/\/allthebasics.com.br\/wp-content\/uploads\/2024\/12\/1.webp 780w, https:\/\/allthebasics.com.br\/wp-content\/uploads\/2024\/12\/1.webp 360w\" sizes=\"auto, (max-width: 480px) 150px\" src=\"https:\/\/allthebasics.com.br\/wp-content\/uploads\/2024\/12\/1.webp\" alt=\"\" class=\"uag-image-308\" width=\"250\" height=\"300\" title=\"1\" loading=\"lazy\" role=\"img\"\/><\/a><\/figure><\/div>\n\n\n\n<p class=\"has-text-align-center\"><a href=\"https:\/\/allthebasics.com.br\/?page_id=318\">Come\u00e7ar a estudar<\/a><\/p>\n<\/div>\n\n\n\n<div class=\"wp-block-uagb-container uagb-block-122433b5\">\n<div class=\"wp-block-uagb-image uagb-block-5e164067 wp-block-uagb-image--layout-default wp-block-uagb-image--effect-static wp-block-uagb-image--align-none\"><figure class=\"wp-block-uagb-image__figure\"><a class=\"\" href=\"https:\/\/allthebasics.com.br\/?page_id=321\" target=\"\" rel=\"noopener\"><img decoding=\"async\" srcset=\"https:\/\/allthebasics.com.br\/wp-content\/uploads\/2024\/12\/2.webp ,https:\/\/allthebasics.com.br\/wp-content\/uploads\/2024\/12\/2.webp 780w, https:\/\/allthebasics.com.br\/wp-content\/uploads\/2024\/12\/2.webp 360w\" sizes=\"auto, (max-width: 480px) 150px\" src=\"https:\/\/allthebasics.com.br\/wp-content\/uploads\/2024\/12\/2.webp\" alt=\"\" class=\"uag-image-309\" width=\"250\" height=\"300\" title=\"2\" loading=\"lazy\" role=\"img\"\/><\/a><\/figure><\/div>\n\n\n\n<p class=\"has-text-align-center\"><a href=\"https:\/\/allthebasics.com.br\/?page_id=321\">Come\u00e7ar a estudar<\/a><\/p>\n<\/div>\n<\/div><\/div>\n\n\n\n<div class=\"wp-block-uagb-container uagb-block-a3d9b33e alignfull uagb-is-root-container\"><div class=\"uagb-container-inner-blocks-wrap\">\n<div class=\"wp-block-uagb-container uagb-block-f7208b8e\">\n<div class=\"wp-block-uagb-image uagb-block-f98641db wp-block-uagb-image--layout-default wp-block-uagb-image--effect-static wp-block-uagb-image--align-none\"><figure class=\"wp-block-uagb-image__figure\"><a class=\"\" href=\"https:\/\/allthebasics.com.br\/?page_id=324\" target=\"\" rel=\"noopener\"><img decoding=\"async\" srcset=\"https:\/\/allthebasics.com.br\/wp-content\/uploads\/2024\/12\/Nivel-Basico.webp ,https:\/\/allthebasics.com.br\/wp-content\/uploads\/2024\/12\/Nivel-Basico.webp 780w, https:\/\/allthebasics.com.br\/wp-content\/uploads\/2024\/12\/Nivel-Basico.webp 360w\" sizes=\"auto, (max-width: 480px) 150px\" src=\"https:\/\/allthebasics.com.br\/wp-content\/uploads\/2024\/12\/Nivel-Basico.webp\" alt=\"\" class=\"uag-image-310\" width=\"250\" height=\"300\" title=\"N\u00edvel-B\u00e1sico\" loading=\"lazy\" role=\"img\"\/><\/a><\/figure><\/div>\n\n\n\n<p class=\"has-text-align-center\"><a href=\"https:\/\/allthebasics.com.br\/?page_id=324\">Come\u00e7ar a estudar<\/a><\/p>\n<\/div>\n\n\n\n<div class=\"wp-block-uagb-container uagb-block-953191b1\">\n<div class=\"wp-block-uagb-image uagb-block-f31e74c1 wp-block-uagb-image--layout-default wp-block-uagb-image--effect-static wp-block-uagb-image--align-none\"><figure class=\"wp-block-uagb-image__figure\"><a class=\"\" href=\"https:\/\/allthebasics.com.br\/?page_id=327\" target=\"\" rel=\"noopener\"><img decoding=\"async\" srcset=\"https:\/\/allthebasics.com.br\/wp-content\/uploads\/2024\/12\/4.webp ,https:\/\/allthebasics.com.br\/wp-content\/uploads\/2024\/12\/4.webp 780w, https:\/\/allthebasics.com.br\/wp-content\/uploads\/2024\/12\/4.webp 360w\" sizes=\"auto, (max-width: 480px) 150px\" src=\"https:\/\/allthebasics.com.br\/wp-content\/uploads\/2024\/12\/4.webp\" alt=\"\" class=\"uag-image-311\" width=\"250\" height=\"300\" title=\"4\" loading=\"lazy\" role=\"img\"\/><\/a><\/figure><\/div>\n\n\n\n<p class=\"has-text-align-center\"><a href=\"https:\/\/allthebasics.com.br\/?page_id=327\">Come\u00e7ar a estudar<\/a><\/p>\n<\/div>\n\n\n\n<div class=\"wp-block-uagb-container uagb-block-065d4597\">\n<div class=\"wp-block-uagb-image uagb-block-a1a46ba2 wp-block-uagb-image--layout-default wp-block-uagb-image--effect-static wp-block-uagb-image--align-none\"><figure class=\"wp-block-uagb-image__figure\"><a class=\"\" href=\"https:\/\/allthebasics.com.br\/?page_id=330\" target=\"\" rel=\"noopener\"><img decoding=\"async\" srcset=\"https:\/\/allthebasics.com.br\/wp-content\/uploads\/2024\/12\/5.webp ,https:\/\/allthebasics.com.br\/wp-content\/uploads\/2024\/12\/5.webp 780w, https:\/\/allthebasics.com.br\/wp-content\/uploads\/2024\/12\/5.webp 360w\" sizes=\"auto, (max-width: 480px) 150px\" src=\"https:\/\/allthebasics.com.br\/wp-content\/uploads\/2024\/12\/5.webp\" alt=\"\" class=\"uag-image-312\" width=\"250\" height=\"300\" title=\"5\" loading=\"lazy\" role=\"img\"\/><\/a><\/figure><\/div>\n\n\n\n<p class=\"has-text-align-center\"><a href=\"https:\/\/allthebasics.com.br\/?page_id=330\">Come\u00e7ar a estudar<\/a><\/p>\n<\/div>\n<\/div><\/div>\n\n\n\n<div class=\"wp-block-uagb-container uagb-block-e085fd90 alignfull uagb-is-root-container\"><div class=\"uagb-container__shape uagb-container__shape-top\"><svg xmlns=\"https:\/\/www.w3.org\/2000\/svg\" viewBox=\"0 0 937.5 120\" preserveAspectRatio=\"none\"><path class=\"uagb-container__shape-fill\" d=\"M937,129.8V-0.1H0v129.9C0,62.6,209.6,8.2,468.4,8.2S936.9,62.6,937,129.8z\"><\/path><\/svg><\/div><div class=\"uagb-container-inner-blocks-wrap\"><\/div><\/div>\n\n\n\n<div class=\"wp-block-uagb-call-to-action uagb-block-8463ee64 wp-block-button\"><div class=\"uagb-cta__wrap\"><h3 class=\"uagb-cta__title\">Apresenta\u00e7\u00e3o do curso<\/h3><p class=\"uagb-cta__desc\">A apresenta\u00e7\u00e3o do curso oferece um panorama geral sobre os conte\u00fados e m\u00e9todos utilizados, destacando a abordagem pr\u00e1tica e gratuita que o torna acess\u00edvel a todos. Aqui, voc\u00ea entender\u00e1 como o curso foi planejado para proporcionar um aprendizado eficaz, al\u00e9m de conhecer os benef\u00edcios que ele traz para seu desenvolvimento lingu\u00edstico e cultural.<\/p><\/div><div class=\"uagb-cta__buttons\"><a href=\"http:\/\/allthebasics.com.br\/?page_id=318\" class=\"uagb-cta__button-link-wrapper wp-block-button__link\" target=\"_self\" rel=\"noopener noreferrer\">Come\u00e7ar a estudar<svg xmlns=\"https:\/\/www.w3.org\/2000\/svg\" viewBox=\"0 0 512 512\"><path d=\"M504.3 273.6l-112.1 104c-6.992 6.484-17.18 8.218-25.94 4.406c-8.758-3.812-14.42-12.45-14.42-21.1L351.9 288H32C14.33 288 .0002 273.7 .0002 255.1S14.33 224 32 224h319.9l0-72c0-9.547 5.66-18.19 14.42-22c8.754-3.809 18.95-2.075 25.94 4.41l112.1 104C514.6 247.9 514.6 264.1 504.3 273.6z\"><\/path><\/svg><\/a><\/div><\/div>\n\n\n\n<div class=\"wp-block-uagb-call-to-action uagb-block-49d1f689 wp-block-button\"><div class=\"uagb-cta__wrap\"><h3 class=\"uagb-cta__title\">Aula zero<\/h3><p class=\"uagb-cta__desc\">A aula zero \u00e9 uma introdu\u00e7\u00e3o acolhedora e informativa ao curso, abordando a hist\u00f3ria do idioma ingl\u00eas, sua relev\u00e2ncia no mundo atual, e os benef\u00edcios de aprender a l\u00edngua. Ideal para familiarizar os alunos com a metodologia do curso e motiv\u00e1-los a iniciar sua jornada de aprendizado com confian\u00e7a e clareza sobre os objetivos que podem alcan\u00e7ar.<\/p><\/div><div class=\"uagb-cta__buttons\"><a href=\"http:\/\/allthebasics.com.br\/?page_id=321\" class=\"uagb-cta__button-link-wrapper wp-block-button__link\" target=\"_self\" rel=\"noopener noreferrer\">Come\u00e7ar a estudar<svg xmlns=\"https:\/\/www.w3.org\/2000\/svg\" viewBox=\"0 0 512 512\"><path d=\"M504.3 273.6l-112.1 104c-6.992 6.484-17.18 8.218-25.94 4.406c-8.758-3.812-14.42-12.45-14.42-21.1L351.9 288H32C14.33 288 .0002 273.7 .0002 255.1S14.33 224 32 224h319.9l0-72c0-9.547 5.66-18.19 14.42-22c8.754-3.809 18.95-2.075 25.94 4.41l112.1 104C514.6 247.9 514.6 264.1 504.3 273.6z\"><\/path><\/svg><\/a><\/div><\/div>\n\n\n\n<div class=\"wp-block-uagb-call-to-action uagb-block-a0ccf9b1 wp-block-button\"><div class=\"uagb-cta__wrap\"><h3 class=\"uagb-cta__title\">Ingl\u00eas B\u00e1sico<\/h3><p class=\"uagb-cta__desc\">Prepare-se para construir uma base s\u00f3lida no ingl\u00eas com o curso b\u00e1sico, que oferece aprendizado passo a passo, focado em vocabul\u00e1rio essencial, frases pr\u00e1ticas, tradu\u00e7\u00e3o, e exerc\u00edcios interativos para garantir sua compreens\u00e3o e aplica\u00e7\u00e3o do idioma no dia a dia, mesmo que voc\u00ea esteja come\u00e7ando do zero.<\/p><\/div><div class=\"uagb-cta__buttons\"><a href=\"http:\/\/allthebasics.com.br\/?page_id=324\" class=\"uagb-cta__button-link-wrapper wp-block-button__link\" target=\"_self\" rel=\"noopener noreferrer\">Come\u00e7ar a estudar<svg xmlns=\"https:\/\/www.w3.org\/2000\/svg\" viewBox=\"0 0 512 512\"><path d=\"M504.3 273.6l-112.1 104c-6.992 6.484-17.18 8.218-25.94 4.406c-8.758-3.812-14.42-12.45-14.42-21.1L351.9 288H32C14.33 288 .0002 273.7 .0002 255.1S14.33 224 32 224h319.9l0-72c0-9.547 5.66-18.19 14.42-22c8.754-3.809 18.95-2.075 25.94 4.41l112.1 104C514.6 247.9 514.6 264.1 504.3 273.6z\"><\/path><\/svg><\/a><\/div><\/div>\n\n\n\n<div class=\"wp-block-uagb-call-to-action uagb-block-b4b63534 wp-block-button\"><div class=\"uagb-cta__wrap\"><h3 class=\"uagb-cta__title\">Ingl\u00eas Intermedi\u00e1rio<\/h3><p class=\"uagb-cta__desc\">Avance suas habilidades no ingl\u00eas com o curso intermedi\u00e1rio, que explora gram\u00e1tica mais complexa, vocabul\u00e1rio ampliado, frases \u00fateis e pr\u00e1ticas de conversa\u00e7\u00e3o, permitindo que voc\u00ea se comunique com maior confian\u00e7a e naturalidade em diversas situa\u00e7\u00f5es do cotidiano.<\/p><\/div><div class=\"uagb-cta__buttons\"><a href=\"http:\/\/allthebasics.com.br\/?page_id=327\" class=\"uagb-cta__button-link-wrapper wp-block-button__link\" target=\"_self\" rel=\"noopener noreferrer\">Come\u00e7ar a estudar<svg xmlns=\"https:\/\/www.w3.org\/2000\/svg\" viewBox=\"0 0 512 512\"><path d=\"M504.3 273.6l-112.1 104c-6.992 6.484-17.18 8.218-25.94 4.406c-8.758-3.812-14.42-12.45-14.42-21.1L351.9 288H32C14.33 288 .0002 273.7 .0002 255.1S14.33 224 32 224h319.9l0-72c0-9.547 5.66-18.19 14.42-22c8.754-3.809 18.95-2.075 25.94 4.41l112.1 104C514.6 247.9 514.6 264.1 504.3 273.6z\"><\/path><\/svg><\/a><\/div><\/div>\n\n\n\n<div class=\"wp-block-uagb-call-to-action uagb-block-57d591d9 wp-block-button\"><div class=\"uagb-cta__wrap\"><h3 class=\"uagb-cta__title\">Ingl\u00eas Avan\u00e7ado<\/h3><p class=\"uagb-cta__desc\">Domine o ingl\u00eas com o curso avan\u00e7ado, focado em refinamento lingu\u00edstico, flu\u00eancia em situa\u00e7\u00f5es complexas, desenvolvimento de habilidades para debates e apresenta\u00e7\u00f5es, al\u00e9m de vocabul\u00e1rio t\u00e9cnico e express\u00f5es idiom\u00e1ticas, proporcionando um dom\u00ednio completo da l\u00edngua para contextos acad\u00eamicos, profissionais e culturais.<\/p><\/div><div class=\"uagb-cta__buttons\"><a href=\"https:\/\/allthebasics.com.br\/?page_id=330\" class=\"uagb-cta__button-link-wrapper wp-block-button__link\" target=\"_self\" rel=\"noopener noreferrer\">Come\u00e7ar a estudar<svg xmlns=\"https:\/\/www.w3.org\/2000\/svg\" viewBox=\"0 0 512 512\"><path d=\"M504.3 273.6l-112.1 104c-6.992 6.484-17.18 8.218-25.94 4.406c-8.758-3.812-14.42-12.45-14.42-21.1L351.9 288H32C14.33 288 .0002 273.7 .0002 255.1S14.33 224 32 224h319.9l0-72c0-9.547 5.66-18.19 14.42-22c8.754-3.809 18.95-2.075 25.94 4.41l112.1 104C514.6 247.9 514.6 264.1 504.3 273.6z\"><\/path><\/svg><\/a><\/div><\/div>\n\n\n\n<p><\/p>\n","protected":false},"excerpt":{"rendered":"<p>Nossos Cursos Seu futuro no ingl\u00eas come\u00e7a aqui. Escolha um curso e explore! Come\u00e7ar a estudar Come\u00e7ar a estudar Come\u00e7ar [&hellip;]<\/p>\n","protected":false},"author":1,"featured_media":0,"parent":0,"menu_order":0,"comment_status":"closed","ping_status":"closed","template":"","meta":{"_uag_custom_page_level_css":"","_monsterinsights_skip_tracking":false,"_monsterinsights_sitenote_active":false,"_monsterinsights_sitenote_note":"","_monsterinsights_sitenote_category":0,"site-sidebar-layout":"default","site-content-layout":"","ast-site-content-layout":"","site-content-style":"default","site-sidebar-style":"default","ast-global-header-display":"","ast-banner-title-visibility":"","ast-main-header-display":"","ast-hfb-above-header-display":"","ast-hfb-below-header-display":"","ast-hfb-mobile-header-display":"","site-post-title":"disabled","ast-breadcrumbs-content":"","ast-featured-img":"","footer-sml-layout":"","ast-disable-related-posts":"","theme-transparent-header-meta":"","adv-header-id-meta":"","stick-header-meta":"","header-above-stick-meta":"","header-main-stick-meta":"","header-below-stick-meta":"","astra-migrate-meta-layouts":"default","ast-page-background-enabled":"default","ast-page-background-meta":{"desktop":{"background-color":"var(--ast-global-color-4)","background-image":"","background-repeat":"repeat","background-position":"center center","background-size":"auto","background-attachment":"scroll","background-type":"","background-media":"","overlay-type":"","overlay-color":"","overlay-opacity":"","overlay-gradient":""},"tablet":{"background-color":"","background-image":"","background-repeat":"repeat","background-position":"center center","background-size":"auto","background-attachment":"scroll","background-type":"","background-media":"","overlay-type":"","overlay-color":"","overlay-opacity":"","overlay-gradient":""},"mobile":{"background-color":"","background-image":"","background-repeat":"repeat","background-position":"center center","background-size":"auto","background-attachment":"scroll","background-type":"","background-media":"","overlay-type":"","overlay-color":"","overlay-opacity":"","overlay-gradient":""}},"ast-content-background-meta":{"desktop":{"background-color":"var(--ast-global-color-5)","background-image":"","background-repeat":"repeat","background-position":"center center","background-size":"auto","background-attachment":"scroll","background-type":"","background-media":"","overlay-type":"","overlay-color":"","overlay-opacity":"","overlay-gradient":""},"tablet":{"background-color":"var(--ast-global-color-5)","background-image":"","background-repeat":"repeat","background-position":"center center","background-size":"auto","background-attachment":"scroll","background-type":"","background-media":"","overlay-type":"","overlay-color":"","overlay-opacity":"","overlay-gradient":""},"mobile":{"background-color":"var(--ast-global-color-5)","background-image":"","background-repeat":"repeat","background-position":"center center","background-size":"auto","background-attachment":"scroll","background-type":"","background-media":"","overlay-type":"","overlay-color":"","overlay-opacity":"","overlay-gradient":""}},"footnotes":""},"class_list":["post-18","page","type-page","status-publish","hentry"],"uagb_featured_image_src":{"full":false,"thumbnail":false,"medium":false,"medium_large":false,"large":false,"1536x1536":false,"2048x2048":false},"uagb_author_info":{"display_name":"LuizXavier","author_link":"https:\/\/allthebasics.com.br\/author\/luizxavier"},"uagb_comment_info":0,"uagb_excerpt":"Nossos Cursos Seu futuro no ingl\u00eas come\u00e7a aqui. Escolha um curso e explore! Come\u00e7ar a estudar Come\u00e7ar a estudar Come\u00e7ar [&hellip;]","_links":{"self":[{"href":"https:\/\/allthebasics.com.br\/index.php?rest_route=\/wp\/v2\/pages\/18","targetHints":{"allow":["GET"]}}],"collection":[{"href":"https:\/\/allthebasics.com.br\/index.php?rest_route=\/wp\/v2\/pages"}],"about":[{"href":"https:\/\/allthebasics.com.br\/index.php?rest_route=\/wp\/v2\/types\/page"}],"author":[{"embeddable":true,"href":"https:\/\/allthebasics.com.br\/index.php?rest_route=\/wp\/v2\/users\/1"}],"replies":[{"embeddable":true,"href":"https:\/\/allthebasics.com.br\/index.php?rest_route=%2Fwp%2Fv2%2Fcomments&post=18"}],"version-history":[{"count":22,"href":"https:\/\/allthebasics.com.br\/index.php?rest_route=\/wp\/v2\/pages\/18\/revisions"}],"predecessor-version":[{"id":712,"href":"https:\/\/allthebasics.com.br\/index.php?rest_route=\/wp\/v2\/pages\/18\/revisions\/712"}],"wp:attachment":[{"href":"https:\/\/allthebasics.com.br\/index.php?rest_route=%2Fwp%2Fv2%2Fmedia&parent=18"}],"curies":[{"name":"wp","href":"https:\/\/api.w.org\/{rel}","templated":true}]}}